{"id":5126,"date":"2025-09-23T10:00:00","date_gmt":"2025-09-23T09:00:00","guid":{"rendered":"https:\/\/finnbogeorge.com\/de\/?page_id=5126"},"modified":"2026-03-09T21:03:12","modified_gmt":"2026-03-09T20:03:12","slug":"erfolgreiches-debut","status":"publish","type":"page","link":"https:\/\/finnbogeorge.com\/de\/erfolgreiches-debut\/","title":{"rendered":"News"},"content":{"rendered":"\t\t<div data-elementor-type=\"wp-page\" data-elementor-id=\"5126\" class=\"elementor elementor-5126\" data-elementor-post-type=\"page\">\n\t\t\t\t\t\t<section data-particle_enable=\"false\" data-particle-mobile-disabled=\"false\" class=\"elementor-section elementor-top-section elementor-element elementor-element-e004f4b elementor-section-boxed elementor-section-height-default elementor-section-height-default\" data-id=\"e004f4b\" data-element_type=\"section\" data-e-type=\"section\" data-settings=\"{&quot;background_background&quot;:&quot;classic&quot;}\">\n\t\t\t\t\t\t<div class=\"elementor-container elementor-column-gap-default\">\n\t\t\t\t\t<div class=\"elementor-column elementor-col-100 elementor-top-column elementor-element elementor-element-ff332de\" data-id=\"ff332de\" data-element_type=\"column\" data-e-type=\"column\">\n\t\t\t<div class=\"elementor-widget-wrap elementor-element-populated\">\n\t\t\t\t\t\t<div class=\"elementor-element elementor-element-3a169db elementor-widget__width-auto elementor-hidden-mobile elementor-widget-divider--view-line elementor-invisible elementor-widget elementor-widget-divider\" data-id=\"3a169db\" data-element_type=\"widget\" data-e-type=\"widget\" data-settings=\"{&quot;_animation&quot;:&quot;slideInLeft&quot;}\" data-widget_type=\"divider.default\">\n\t\t\t\t<div class=\"elementor-widget-container\">\n\t\t\t\t\t\t\t<div class=\"elementor-divider\">\n\t\t\t<span class=\"elementor-divider-separator\">\n\t\t\t\t\t\t<\/span>\n\t\t<\/div>\n\t\t\t\t\t\t<\/div>\n\t\t\t\t<\/div>\n\t\t\t\t<div class=\"elementor-element elementor-element-3c438a4 elementor-widget__width-auto animated-fast elementor-widget-mobile__width-inherit elementor-invisible elementor-widget elementor-widget-heading\" data-id=\"3c438a4\" data-element_type=\"widget\" data-e-type=\"widget\" data-settings=\"{&quot;_animation&quot;:&quot;fadeIn&quot;}\" data-widget_type=\"heading.default\">\n\t\t\t\t<div class=\"elementor-widget-container\">\n\t\t\t\t\t<h2 class=\"elementor-heading-title elementor-size-default\">News<\/h2>\t\t\t\t<\/div>\n\t\t\t\t<\/div>\n\t\t\t\t<div class=\"elementor-element elementor-element-4accc02 elementor-widget__width-auto elementor-widget-divider--view-line elementor-invisible elementor-widget elementor-widget-divider\" data-id=\"4accc02\" data-element_type=\"widget\" data-e-type=\"widget\" data-settings=\"{&quot;_animation&quot;:&quot;slideInRight&quot;}\" data-widget_type=\"divider.default\">\n\t\t\t\t<div class=\"elementor-widget-container\">\n\t\t\t\t\t\t\t<div class=\"elementor-divider\">\n\t\t\t<span class=\"elementor-divider-separator\">\n\t\t\t\t\t\t<\/span>\n\t\t<\/div>\n\t\t\t\t\t\t<\/div>\n\t\t\t\t<\/div>\n\t\t\t\t\t<\/div>\n\t\t<\/div>\n\t\t\t\t\t<\/div>\n\t\t<\/section>\n\t\t<div data-particle_enable=\"false\" data-particle-mobile-disabled=\"false\" class=\"elementor-element elementor-element-1ed8ecb e-grid e-con-boxed e-con e-parent\" data-id=\"1ed8ecb\" data-element_type=\"container\" data-e-type=\"container\">\n\t\t\t\t\t<div class=\"e-con-inner\">\n\t\t<div data-particle_enable=\"false\" data-particle-mobile-disabled=\"false\" class=\"elementor-element elementor-element-c4557e9 e-con-full e-flex e-con e-child\" data-id=\"c4557e9\" data-element_type=\"container\" data-e-type=\"container\">\n\t\t\t\t<div class=\"elementor-element elementor-element-58f9a28 elementor-widget elementor-widget-text-editor\" data-id=\"58f9a28\" data-element_type=\"widget\" data-e-type=\"widget\" data-widget_type=\"text-editor.default\">\n\t\t\t\t<div class=\"elementor-widget-container\">\n\t\t\t\t\t\t\t\t\t<p>09. M\u00e4rz 2026<\/p><p><a href=\"https:\/\/www.happiness-festival.de\/\">Happiness Festival<\/a>\u00a0(16. \u2013 18.7.2026,\u00a0<a href=\"https:\/\/www.happiness-festival.de\/informationen\/anfahrt\/?mode=opnv\">Straubenhardt<\/a>, Deutschland)<\/p><h2>HAPPINESS FESTIVAL<br \/>Contest 2026<\/h2><p>FINN BO GEORGE ist zum Happiness Festival Contest 2026 zugelassen.\u00a0<br \/>Startet eine Welle, votet f\u00fcr ihn \u00fcber\u00a0<a href=\"https:\/\/www.instagram.com\/p\/DVq9m-RlRSd\/\">Instagram<\/a>\u00a0und erm\u00f6glicht ihm einen Auftritt auf der Mainstage am 18. Juli 2026!<\/p><p><strong>Start des Votings:<\/strong>\u00a0Montag, 9.3.2026, 18.00 Uhr<br \/><strong>Votingschluss:\u00a0<\/strong>Dienstag, 24.03.2026, 20.00 Uhr<\/p><p>Kommentiert @finnbogeorge<strong>\u00a0<\/strong>auf der Grafik der <a href=\"https:\/\/www.instagram.com\/p\/DVq9m-RlRSd\/\">Happiness-Festival-Instagram-Seite<\/a>\u00a0und markiert mindestens einen Freund\u00a0(jeder Account, darf nur eine Stimme abgeben).<\/p>\t\t\t\t\t\t\t\t<\/div>\n\t\t\t\t<\/div>\n\t\t\t\t<\/div>\n\t\t\t\t\t\t\t\n\t\t\t<a\n\t\t\thref=\"https:\/\/www.happinessfestival.de\" target=\"_blank\"\n\t\t\tclass=\"e-image-link-base\"\n\t\t\tdata-interaction-id=\"f4e3552\"\n\t\t>\n\t\t<img class=\"e-image-base e-f4e3552-6c03a65\" \n\t\t\t\t\tdata-interaction-id=\"f4e3552\" \n\t\t \n\t\t data-e-type=\"widget\" data-id=\"f4e3552\"\n\t\t\t\t\t\t\t\t\tid=\"6087\"\n\t\t\t\t\t\t\t\t\t\t\t\tsrc=\"https:\/\/finnbogeorge.com\/de\/wp-content\/uploads\/sites\/3\/2026\/03\/Happiness-Festival-Buehne.jpg\"\n\t\t\t\t\t\t\t\t\t\t\t\twidth=\"409\"\n\t\t\t\t\t\t\t\t\t\t\t\theight=\"349\"\n\t\t\t\t\t\t\t\t\t\t\t\tsrcset=\"https:\/\/finnbogeorge.com\/de\/wp-content\/uploads\/sites\/3\/2026\/03\/Happiness-Festival-Buehne.jpg 409w, https:\/\/finnbogeorge.com\/de\/wp-content\/uploads\/sites\/3\/2026\/03\/Happiness-Festival-Buehne-300x256.jpg 300w\"\n\t\t\t\t\t\t\t\t\t\t\t\talt=\"\"\n\t\t\t\t\t\t\/>\n\t\t\t\t\t\t<\/div>\n\t\t\t\t<\/div>\n\t\t<div data-particle_enable=\"false\" data-particle-mobile-disabled=\"false\" class=\"elementor-element elementor-element-78167c5 e-flex e-con-boxed e-con e-parent\" data-id=\"78167c5\" data-element_type=\"container\" data-e-type=\"container\">\n\t\t\t\t\t<div class=\"e-con-inner\">\n\t\t\t\t<div class=\"elementor-element elementor-element-95633c5 elementor-widget-divider--view-line elementor-invisible elementor-widget elementor-widget-divider\" data-id=\"95633c5\" data-element_type=\"widget\" data-e-type=\"widget\" data-settings=\"{&quot;_animation&quot;:&quot;slideInRight&quot;}\" data-widget_type=\"divider.default\">\n\t\t\t\t<div class=\"elementor-widget-container\">\n\t\t\t\t\t\t\t<div class=\"elementor-divider\">\n\t\t\t<span class=\"elementor-divider-separator\">\n\t\t\t\t\t\t<\/span>\n\t\t<\/div>\n\t\t\t\t\t\t<\/div>\n\t\t\t\t<\/div>\n\t\t\t\t\t<\/div>\n\t\t\t\t<\/div>\n\t\t<div data-particle_enable=\"false\" data-particle-mobile-disabled=\"false\" class=\"elementor-element elementor-element-aafa75c e-flex e-con-boxed e-con e-parent\" data-id=\"aafa75c\" data-element_type=\"container\" data-e-type=\"container\">\n\t\t\t\t\t<div class=\"e-con-inner\">\n\t\t\t\t<div class=\"elementor-element elementor-element-84aac33 elementor-widget elementor-widget-text-editor\" data-id=\"84aac33\" data-element_type=\"widget\" data-e-type=\"widget\" data-widget_type=\"text-editor.default\">\n\t\t\t\t<div class=\"elementor-widget-container\">\n\t\t\t\t\t\t\t\t\t<p>6. Februar 2026<\/p><p><a href=\"https:\/\/www.gurtenfestival.ch\">Gurtenfestival<\/a><\/p><h2>WALDB\u00dcHNE Contest 2026<\/h2><p>Danke dass Ihr f\u00fcr mich gevotet habt! Mein Ranking: 30. von 146 Anmeldungen!<\/p>\t\t\t\t\t\t\t\t<\/div>\n\t\t\t\t<\/div>\n\t\t\t\t\t<\/div>\n\t\t\t\t<\/div>\n\t\t<div data-particle_enable=\"false\" data-particle-mobile-disabled=\"false\" class=\"elementor-element elementor-element-00ae86f e-flex e-con-boxed e-con e-parent\" data-id=\"00ae86f\" data-element_type=\"container\" data-e-type=\"container\">\n\t\t\t\t\t<div class=\"e-con-inner\">\n\t\t\t\t<div class=\"elementor-element elementor-element-25fb58d elementor-widget-divider--view-line elementor-invisible elementor-widget elementor-widget-divider\" data-id=\"25fb58d\" data-element_type=\"widget\" data-e-type=\"widget\" data-settings=\"{&quot;_animation&quot;:&quot;slideInRight&quot;}\" data-widget_type=\"divider.default\">\n\t\t\t\t<div class=\"elementor-widget-container\">\n\t\t\t\t\t\t\t<div class=\"elementor-divider\">\n\t\t\t<span class=\"elementor-divider-separator\">\n\t\t\t\t\t\t<\/span>\n\t\t<\/div>\n\t\t\t\t\t\t<\/div>\n\t\t\t\t<\/div>\n\t\t\t\t\t<\/div>\n\t\t\t\t<\/div>\n\t\t\t\t<section data-particle_enable=\"false\" data-particle-mobile-disabled=\"false\" class=\"elementor-section elementor-top-section elementor-element elementor-element-5273d04 elementor-section-boxed elementor-section-height-default elementor-section-height-default\" data-id=\"5273d04\" data-element_type=\"section\" data-e-type=\"section\">\n\t\t\t\t\t\t<div class=\"elementor-container elementor-column-gap-default\">\n\t\t\t\t\t<div class=\"elementor-column elementor-col-100 elementor-top-column elementor-element elementor-element-3304187\" data-id=\"3304187\" data-element_type=\"column\" data-e-type=\"column\">\n\t\t\t<div class=\"elementor-widget-wrap elementor-element-populated\">\n\t\t\t\t\t\t<div class=\"elementor-element elementor-element-2ce44c5 elementor-widget elementor-widget-text-editor\" data-id=\"2ce44c5\" data-element_type=\"widget\" data-e-type=\"widget\" data-widget_type=\"text-editor.default\">\n\t\t\t\t<div class=\"elementor-widget-container\">\n\t\t\t\t\t\t\t\t\t<h3>Bern, 23.11.2025 \u2013 Erfolgreicher Release des Deb\u00fctalbums:<\/h3><h2>Finn Bo George feiert mit seiner Band einen Grosserfolg!<\/h2><p>Am 22. November 2025 um 19 Uhr herrschte gespannte Stille im Grossen Saal der Musikschule Konservatorium Bern. Auch der Konzertfl\u00fcgel und die Mikrofone schienen auf die Musiker zu warten. Ein schlanker junger Mann mit mittellangem Wuschelkopf betrat\u00a0 leise die B\u00fchne, setzte sich hinter das in der rechten Ecke platzierte Schlagzeug und hob ganz behutsam mit dem Besen an, um langsam anschwellend ein mitreissendes Schlagzeugsolo herbeizuzaubern.\u00a0<a href=\"https:\/\/www.instagram.com\/tom_swirles_drums\/\">Tom Swirles<\/a> \u00a0(20) Musikstudent aus Manchester (UK), der Cousin von FINN BO GEORGE, setzte zu Beginn des Abends hohe Massst\u00e4be.\u00a0<\/p>\t\t\t\t\t\t\t\t<\/div>\n\t\t\t\t<\/div>\n\t\t\t\t<div class=\"elementor-element elementor-element-3f193db elementor-widget elementor-widget-gallery\" data-id=\"3f193db\" data-element_type=\"widget\" data-e-type=\"widget\" data-settings=\"{&quot;lazyload&quot;:&quot;yes&quot;,&quot;gallery_layout&quot;:&quot;grid&quot;,&quot;columns&quot;:4,&quot;columns_tablet&quot;:2,&quot;columns_mobile&quot;:1,&quot;gap&quot;:{&quot;unit&quot;:&quot;px&quot;,&quot;size&quot;:10,&quot;sizes&quot;:[]},&quot;gap_tablet&quot;:{&quot;unit&quot;:&quot;px&quot;,&quot;size&quot;:10,&quot;sizes&quot;:[]},&quot;gap_mobile&quot;:{&quot;unit&quot;:&quot;px&quot;,&quot;size&quot;:10,&quot;sizes&quot;:[]},&quot;link_to&quot;:&quot;file&quot;,&quot;aspect_ratio&quot;:&quot;3:2&quot;,&quot;overlay_background&quot;:&quot;yes&quot;,&quot;content_hover_animation&quot;:&quot;fade-in&quot;}\" data-widget_type=\"gallery.default\">\n\t\t\t\t<div class=\"elementor-widget-container\">\n\t\t\t\t\t\t\t<div class=\"elementor-gallery__container\">\n\t\t\t\t\t\t\t<a class=\"e-gallery-item elementor-gallery-item elementor-animated-content\" href=\"https:\/\/finnbogeorge.com\/de\/wp-content\/uploads\/sites\/3\/2025\/12\/20251122_FBG_TomSwirles_Bild-Patrick-Linder-Bern_3309.jpg\" data-elementor-open-lightbox=\"yes\" data-elementor-lightbox-slideshow=\"3f193db\" data-elementor-lightbox-title=\"Tom Swirles, Drums (Foto: Patrick Linder, Bern)\" data-e-action-hash=\"#elementor-action%3Aaction%3Dlightbox%26settings%3DeyJpZCI6NTU2MCwidXJsIjoiaHR0cHM6XC9cL2Zpbm5ib2dlb3JnZS5jb21cL2RlXC93cC1jb250ZW50XC91cGxvYWRzXC9zaXRlc1wvM1wvMjAyNVwvMTJcLzIwMjUxMTIyX0ZCR19Ub21Td2lybGVzX0JpbGQtUGF0cmljay1MaW5kZXItQmVybl8zMzA5LmpwZyIsInNsaWRlc2hvdyI6IjNmMTkzZGIifQ%3D%3D\">\n\t\t\t\t\t<div class=\"e-gallery-image elementor-gallery-item__image\" data-thumbnail=\"https:\/\/finnbogeorge.com\/de\/wp-content\/uploads\/sites\/3\/2025\/12\/20251122_FBG_TomSwirles_Bild-Patrick-Linder-Bern_3309-300x245.jpg\" data-width=\"300\" data-height=\"245\" aria-label=\"\" role=\"img\" ><\/div>\n\t\t\t\t\t\t\t\t\t\t\t<div class=\"elementor-gallery-item__overlay\"><\/div>\n\t\t\t\t\t\t\t\t\t\t\t\t\t\t<\/a>\n\t\t\t\t\t<\/div>\n\t\t\t\t\t<\/div>\n\t\t\t\t<\/div>\n\t\t\t\t<div class=\"elementor-element elementor-element-2736335 elementor-widget elementor-widget-text-editor\" data-id=\"2736335\" data-element_type=\"widget\" data-e-type=\"widget\" data-widget_type=\"text-editor.default\">\n\t\t\t\t<div class=\"elementor-widget-container\">\n\t\t\t\t\t\t\t\t\t<p>Erst dann betraten FINN BO GEORGE, Ralph K\u00fcker (e-Guitar) und David Ribeiro Soares (e-Bass) die Szenerie im akustisch einzigartigen Kammermusiksaal. Die neun Titel des Deb\u00fctalbums \u201eFrom Outer Space\u201c zogen das Publikum vom ersten bis zum letzten Song in Bann. FINN BO GEORGE \u00fcberzeugte mit seiner warmen, viereinhalb Oktaven umfassenden Stimme, seinem instrumentalen K\u00f6nnen und seiner starken B\u00fchnenpr\u00e4senz. Vom Fl\u00fcgel zur Gitarre wechselnd, f\u00fchrte er mit seiner Band durch wunderbare Klangwelten bis hin zu pop-rockigen Passagen. Zwischendurch erforderte der auf 443 Hz gestimmte Steinway-Fl\u00fcgel ein neues Abgleichen der Gitarren. Eine Erfahrung, die auch unge\u00fcbtere Ohren zum genauen Hinh\u00f6ren bewegten. &#8222;Es ist ein pers\u00f6nliches Werk, das meine musikalische Reise dokumentiert.&#8220;, sagte der 19-j\u00e4hrige Thuner Singer-Songwriter vor dem Konzert\u00a0 seines Erstlingswerks. Nicht nur die Musik, auch die Lyrics seiner in den letzten drei Jahren komponierten Songs ber\u00fchrten das hunderk\u00f6pfige Publikum, das sich aus allen Altersklassen zusammensetzte und der Band zum Schluss eine Standing Ovation bescherte. Man darf gespannt sein, was sein bereits in Arbeit steckendes zweites Album bringen wird!<\/p>\t\t\t\t\t\t\t\t<\/div>\n\t\t\t\t<\/div>\n\t\t\t\t<div class=\"elementor-element elementor-element-f4ed1ba elementor-widget elementor-widget-gallery\" data-id=\"f4ed1ba\" data-element_type=\"widget\" data-e-type=\"widget\" data-settings=\"{&quot;lazyload&quot;:&quot;yes&quot;,&quot;gallery_layout&quot;:&quot;grid&quot;,&quot;columns&quot;:4,&quot;columns_tablet&quot;:2,&quot;columns_mobile&quot;:1,&quot;gap&quot;:{&quot;unit&quot;:&quot;px&quot;,&quot;size&quot;:10,&quot;sizes&quot;:[]},&quot;gap_tablet&quot;:{&quot;unit&quot;:&quot;px&quot;,&quot;size&quot;:10,&quot;sizes&quot;:[]},&quot;gap_mobile&quot;:{&quot;unit&quot;:&quot;px&quot;,&quot;size&quot;:10,&quot;sizes&quot;:[]},&quot;link_to&quot;:&quot;file&quot;,&quot;aspect_ratio&quot;:&quot;3:2&quot;,&quot;overlay_background&quot;:&quot;yes&quot;,&quot;content_hover_animation&quot;:&quot;fade-in&quot;}\" data-widget_type=\"gallery.default\">\n\t\t\t\t<div class=\"elementor-widget-container\">\n\t\t\t\t\t\t\t<div class=\"elementor-gallery__container\">\n\t\t\t\t\t\t\t<a class=\"e-gallery-item elementor-gallery-item elementor-animated-content\" href=\"https:\/\/finnbogeorge.com\/de\/wp-content\/uploads\/sites\/3\/2025\/12\/20251122_FBG_DRS_Bild-Patrick-Linder-Bern_3352.jpg\" data-elementor-open-lightbox=\"yes\" data-elementor-lightbox-slideshow=\"f4ed1ba\" data-elementor-lightbox-title=\"David Ribeiro Soares, e-Bass (Foto: Patrick Linder, Bern)\" data-e-action-hash=\"#elementor-action%3Aaction%3Dlightbox%26settings%3DeyJpZCI6NTU0OCwidXJsIjoiaHR0cHM6XC9cL2Zpbm5ib2dlb3JnZS5jb21cL2RlXC93cC1jb250ZW50XC91cGxvYWRzXC9zaXRlc1wvM1wvMjAyNVwvMTJcLzIwMjUxMTIyX0ZCR19EUlNfQmlsZC1QYXRyaWNrLUxpbmRlci1CZXJuXzMzNTIuanBnIiwic2xpZGVzaG93IjoiZjRlZDFiYSJ9\">\n\t\t\t\t\t<div class=\"e-gallery-image elementor-gallery-item__image\" data-thumbnail=\"https:\/\/finnbogeorge.com\/de\/wp-content\/uploads\/sites\/3\/2025\/12\/20251122_FBG_DRS_Bild-Patrick-Linder-Bern_3352-300x200.jpg\" data-width=\"300\" data-height=\"200\" aria-label=\"\" role=\"img\" ><\/div>\n\t\t\t\t\t\t\t\t\t\t\t<div class=\"elementor-gallery-item__overlay\"><\/div>\n\t\t\t\t\t\t\t\t\t\t\t\t\t\t<\/a>\n\t\t\t\t\t\t\t<a class=\"e-gallery-item elementor-gallery-item elementor-animated-content\" href=\"https:\/\/finnbogeorge.com\/de\/wp-content\/uploads\/sites\/3\/2025\/12\/20251122_FBG_RK_Bild-Patrick-Linder-Bern_3385.webp\" data-elementor-open-lightbox=\"yes\" data-elementor-lightbox-slideshow=\"f4ed1ba\" data-elementor-lightbox-title=\"Ralph K\u00fcker, e-Guitar (Foto: Patrick Linder, Bern)\" data-e-action-hash=\"#elementor-action%3Aaction%3Dlightbox%26settings%3DeyJpZCI6NTU0NCwidXJsIjoiaHR0cHM6XC9cL2Zpbm5ib2dlb3JnZS5jb21cL2RlXC93cC1jb250ZW50XC91cGxvYWRzXC9zaXRlc1wvM1wvMjAyNVwvMTJcLzIwMjUxMTIyX0ZCR19SS19CaWxkLVBhdHJpY2stTGluZGVyLUJlcm5fMzM4NS53ZWJwIiwic2xpZGVzaG93IjoiZjRlZDFiYSJ9\">\n\t\t\t\t\t<div class=\"e-gallery-image elementor-gallery-item__image\" data-thumbnail=\"https:\/\/finnbogeorge.com\/de\/wp-content\/uploads\/sites\/3\/2025\/12\/20251122_FBG_RK_Bild-Patrick-Linder-Bern_3385-300x200.webp\" data-width=\"300\" data-height=\"200\" aria-label=\"\" role=\"img\" ><\/div>\n\t\t\t\t\t\t\t\t\t\t\t<div class=\"elementor-gallery-item__overlay\"><\/div>\n\t\t\t\t\t\t\t\t\t\t\t\t\t\t<\/a>\n\t\t\t\t\t\t\t<a class=\"e-gallery-item elementor-gallery-item elementor-animated-content\" href=\"https:\/\/finnbogeorge.com\/de\/wp-content\/uploads\/sites\/3\/2025\/12\/20251122_FBG_Bild-Patrick-Linder-Bern_3238-1.webp\" data-elementor-open-lightbox=\"yes\" data-elementor-lightbox-slideshow=\"f4ed1ba\" data-elementor-lightbox-title=\"FINN BO GEORGE (Foto: Patrick Linder, Bern)\" data-e-action-hash=\"#elementor-action%3Aaction%3Dlightbox%26settings%3DeyJpZCI6NTU0MSwidXJsIjoiaHR0cHM6XC9cL2Zpbm5ib2dlb3JnZS5jb21cL2RlXC93cC1jb250ZW50XC91cGxvYWRzXC9zaXRlc1wvM1wvMjAyNVwvMTJcLzIwMjUxMTIyX0ZCR19CaWxkLVBhdHJpY2stTGluZGVyLUJlcm5fMzIzOC0xLndlYnAiLCJzbGlkZXNob3ciOiJmNGVkMWJhIn0%3D\">\n\t\t\t\t\t<div class=\"e-gallery-image elementor-gallery-item__image\" data-thumbnail=\"https:\/\/finnbogeorge.com\/de\/wp-content\/uploads\/sites\/3\/2025\/12\/20251122_FBG_Bild-Patrick-Linder-Bern_3238-1-300x200.webp\" data-width=\"300\" data-height=\"200\" aria-label=\"\" role=\"img\" ><\/div>\n\t\t\t\t\t\t\t\t\t\t\t<div class=\"elementor-gallery-item__overlay\"><\/div>\n\t\t\t\t\t\t\t\t\t\t\t\t\t\t<\/a>\n\t\t\t\t\t\t\t<a class=\"e-gallery-item elementor-gallery-item elementor-animated-content\" href=\"https:\/\/finnbogeorge.com\/de\/wp-content\/uploads\/sites\/3\/2025\/12\/20251122_FBG_RK_Bild-Patrick-Linder-Bern_3531.webp\" data-elementor-open-lightbox=\"yes\" data-elementor-lightbox-slideshow=\"f4ed1ba\" data-elementor-lightbox-title=\"20251122_FBG_RK_Bild Patrick Linder Bern_3531\" data-e-action-hash=\"#elementor-action%3Aaction%3Dlightbox%26settings%3DeyJpZCI6NTU0NSwidXJsIjoiaHR0cHM6XC9cL2Zpbm5ib2dlb3JnZS5jb21cL2RlXC93cC1jb250ZW50XC91cGxvYWRzXC9zaXRlc1wvM1wvMjAyNVwvMTJcLzIwMjUxMTIyX0ZCR19SS19CaWxkLVBhdHJpY2stTGluZGVyLUJlcm5fMzUzMS53ZWJwIiwic2xpZGVzaG93IjoiZjRlZDFiYSJ9\">\n\t\t\t\t\t<div class=\"e-gallery-image elementor-gallery-item__image\" data-thumbnail=\"https:\/\/finnbogeorge.com\/de\/wp-content\/uploads\/sites\/3\/2025\/12\/20251122_FBG_RK_Bild-Patrick-Linder-Bern_3531-300x200.webp\" data-width=\"300\" data-height=\"200\" aria-label=\"\" role=\"img\" ><\/div>\n\t\t\t\t\t\t\t\t\t\t\t<div class=\"elementor-gallery-item__overlay\"><\/div>\n\t\t\t\t\t\t\t\t\t\t\t\t\t\t<\/a>\n\t\t\t\t\t\t\t<a class=\"e-gallery-item elementor-gallery-item elementor-animated-content\" href=\"https:\/\/finnbogeorge.com\/de\/wp-content\/uploads\/sites\/3\/2025\/12\/20251122_FBG_Bild-Patrick-Linder-Bern_3315-e1765030985393.jpg\" data-elementor-open-lightbox=\"yes\" data-elementor-lightbox-slideshow=\"f4ed1ba\" data-elementor-lightbox-title=\"FINN BO GEORGE (Foto: Patrick Linder, Bern)\" data-elementor-lightbox-description=\"FINN BO GEORGE\" data-e-action-hash=\"#elementor-action%3Aaction%3Dlightbox%26settings%3DeyJpZCI6NTU0NywidXJsIjoiaHR0cHM6XC9cL2Zpbm5ib2dlb3JnZS5jb21cL2RlXC93cC1jb250ZW50XC91cGxvYWRzXC9zaXRlc1wvM1wvMjAyNVwvMTJcLzIwMjUxMTIyX0ZCR19CaWxkLVBhdHJpY2stTGluZGVyLUJlcm5fMzMxNS1lMTc2NTAzMDk4NTM5My5qcGciLCJzbGlkZXNob3ciOiJmNGVkMWJhIn0%3D\">\n\t\t\t\t\t<div class=\"e-gallery-image elementor-gallery-item__image\" data-thumbnail=\"https:\/\/finnbogeorge.com\/de\/wp-content\/uploads\/sites\/3\/2025\/12\/20251122_FBG_Bild-Patrick-Linder-Bern_3315-e1765030985393-300x292.jpg\" data-width=\"300\" data-height=\"292\" aria-label=\"\" role=\"img\" ><\/div>\n\t\t\t\t\t\t\t\t\t\t\t<div class=\"elementor-gallery-item__overlay\"><\/div>\n\t\t\t\t\t\t\t\t\t\t\t\t\t\t<\/a>\n\t\t\t\t\t<\/div>\n\t\t\t\t\t<\/div>\n\t\t\t\t<\/div>\n\t\t\t\t<div class=\"elementor-element elementor-element-844a509 elementor-widget elementor-widget-button\" data-id=\"844a509\" data-element_type=\"widget\" data-e-type=\"widget\" data-widget_type=\"button.default\">\n\t\t\t\t<div class=\"elementor-widget-container\">\n\t\t\t\t\t\t\t\t\t<div class=\"elementor-button-wrapper\">\n\t\t\t\t\t<a class=\"elementor-button elementor-button-link elementor-size-sm\" href=\"https:\/\/www.mx3.ch\/finnbogeorge\" id=\"Vorverkauf Release Deb\u00fctalbum \">\n\t\t\t\t\t\t<span class=\"elementor-button-content-wrapper\">\n\t\t\t\t\t\t\t\t\t<span class=\"elementor-button-text\">zu den Songs<\/span>\n\t\t\t\t\t<\/span>\n\t\t\t\t\t<\/a>\n\t\t\t\t<\/div>\n\t\t\t\t\t\t\t\t<\/div>\n\t\t\t\t<\/div>\n\t\t\t\t\t<\/div>\n\t\t<\/div>\n\t\t\t\t\t<\/div>\n\t\t<\/section>\n\t\t<div data-particle_enable=\"false\" data-particle-mobile-disabled=\"false\" class=\"elementor-element elementor-element-c29d8d0 e-flex e-con-boxed e-con e-parent\" data-id=\"c29d8d0\" data-element_type=\"container\" data-e-type=\"container\">\n\t\t\t\t\t<div class=\"e-con-inner\">\n\t\t\t\t\t\n<hr class=\"e-divider-base\" data-interaction-id=\"68f25e2\"  data-e-type=\"widget\" data-id=\"68f25e2\" \/>\n\t\t\t\t\t<\/div>\n\t\t\t\t<\/div>\n\t\t\t\t<\/div>\n\t\t","protected":false},"excerpt":{"rendered":"<p>Am Samstag, 22. November 2025 feierte FINN BO GEORGE mit seiner Band Tom Swirles (Drums), Ralph K\u00fcker (e-Guitar) und David Ribeiro Soares sein Deb\u00fct in Bern. Das erfolgreiche gut 75-min\u00fctige Konzert begeisterte das 100-k\u00f6pfige Publikum.<\/p>\n","protected":false},"author":4,"featured_media":5468,"parent":0,"menu_order":0,"comment_status":"open","ping_status":"closed","template":"","meta":{"_acf_changed":false,"inline_featured_image":false,"footnotes":""},"class_list":["post-5126","page","type-page","status-publish","has-post-thumbnail","hentry"],"acf":[],"_links":{"self":[{"href":"https:\/\/finnbogeorge.com\/de\/wp-json\/wp\/v2\/pages\/5126","targetHints":{"allow":["GET"]}}],"collection":[{"href":"https:\/\/finnbogeorge.com\/de\/wp-json\/wp\/v2\/pages"}],"about":[{"href":"https:\/\/finnbogeorge.com\/de\/wp-json\/wp\/v2\/types\/page"}],"author":[{"embeddable":true,"href":"https:\/\/finnbogeorge.com\/de\/wp-json\/wp\/v2\/users\/4"}],"replies":[{"embeddable":true,"href":"https:\/\/finnbogeorge.com\/de\/wp-json\/wp\/v2\/comments?post=5126"}],"version-history":[{"count":117,"href":"https:\/\/finnbogeorge.com\/de\/wp-json\/wp\/v2\/pages\/5126\/revisions"}],"predecessor-version":[{"id":6159,"href":"https:\/\/finnbogeorge.com\/de\/wp-json\/wp\/v2\/pages\/5126\/revisions\/6159"}],"wp:featuredmedia":[{"embeddable":true,"href":"https:\/\/finnbogeorge.com\/de\/wp-json\/wp\/v2\/media\/5468"}],"wp:attachment":[{"href":"https:\/\/finnbogeorge.com\/de\/wp-json\/wp\/v2\/media?parent=5126"}],"curies":[{"name":"wp","href":"https:\/\/api.w.org\/{rel}","templated":true}]}}