{"id":5251,"date":"2025-11-10T12:35:23","date_gmt":"2025-11-10T11:35:23","guid":{"rendered":"https:\/\/finnbogeorge.com\/de\/?page_id=5251"},"modified":"2026-02-20T16:42:58","modified_gmt":"2026-02-20T15:42:58","slug":"medienmitteilungen","status":"publish","type":"page","link":"https:\/\/finnbogeorge.com\/de\/medienmitteilungen\/","title":{"rendered":"Medienmitteilungen"},"content":{"rendered":"\t\t<div data-elementor-type=\"wp-page\" data-elementor-id=\"5251\" class=\"elementor elementor-5251\" data-elementor-post-type=\"page\">\n\t\t\t\t\t\t<section data-particle_enable=\"false\" data-particle-mobile-disabled=\"false\" class=\"elementor-section elementor-top-section elementor-element elementor-element-1c51d71 elementor-section-content-middle elementor-section-items-top elementor-section-height-min-height elementor-section-boxed elementor-section-height-default\" data-id=\"1c51d71\" data-element_type=\"section\" data-e-type=\"section\">\n\t\t\t\t\t\t<div class=\"elementor-container elementor-column-gap-default\">\n\t\t\t\t\t<div class=\"elementor-column elementor-col-100 elementor-top-column elementor-element elementor-element-7e75f96\" data-id=\"7e75f96\" data-element_type=\"column\" data-e-type=\"column\">\n\t\t\t<div class=\"elementor-widget-wrap elementor-element-populated\">\n\t\t\t\t\t\t<div class=\"elementor-element elementor-element-d61a92f elementor-widget__width-initial elementor-hidden-mobile elementor-widget-divider--view-line elementor-invisible elementor-widget elementor-widget-divider\" data-id=\"d61a92f\" data-element_type=\"widget\" data-e-type=\"widget\" data-settings=\"{&quot;_animation&quot;:&quot;slideInLeft&quot;}\" data-widget_type=\"divider.default\">\n\t\t\t\t<div class=\"elementor-widget-container\">\n\t\t\t\t\t\t\t<div class=\"elementor-divider\">\n\t\t\t<span class=\"elementor-divider-separator\">\n\t\t\t\t\t\t<\/span>\n\t\t<\/div>\n\t\t\t\t\t\t<\/div>\n\t\t\t\t<\/div>\n\t\t\t\t<div class=\"elementor-element elementor-element-0472609 elementor-widget__width-auto animated-fast elementor-invisible elementor-widget elementor-widget-heading\" data-id=\"0472609\" data-element_type=\"widget\" data-e-type=\"widget\" data-settings=\"{&quot;_animation&quot;:&quot;fadeIn&quot;}\" data-widget_type=\"heading.default\">\n\t\t\t\t<div class=\"elementor-widget-container\">\n\t\t\t\t\t<h2 class=\"elementor-heading-title elementor-size-default\">Medienmitteilungen<\/h2>\t\t\t\t<\/div>\n\t\t\t\t<\/div>\n\t\t\t\t<div class=\"elementor-element elementor-element-cae3625 elementor-widget__width-initial elementor-widget-divider--view-line elementor-invisible elementor-widget elementor-widget-divider\" data-id=\"cae3625\" data-element_type=\"widget\" data-e-type=\"widget\" data-settings=\"{&quot;_animation&quot;:&quot;slideInRight&quot;}\" data-widget_type=\"divider.default\">\n\t\t\t\t<div class=\"elementor-widget-container\">\n\t\t\t\t\t\t\t<div class=\"elementor-divider\">\n\t\t\t<span class=\"elementor-divider-separator\">\n\t\t\t\t\t\t<\/span>\n\t\t<\/div>\n\t\t\t\t\t\t<\/div>\n\t\t\t\t<\/div>\n\t\t\t\t\t<\/div>\n\t\t<\/div>\n\t\t\t\t\t<\/div>\n\t\t<\/section>\n\t\t<div data-particle_enable=\"false\" data-particle-mobile-disabled=\"false\" class=\"elementor-element elementor-element-9e37772 e-flex e-con-boxed e-con e-parent\" data-id=\"9e37772\" data-element_type=\"container\" data-e-type=\"container\">\n\t\t\t\t\t<div class=\"e-con-inner\">\n\t\t\t\t<div class=\"elementor-element elementor-element-db76591 elementor-widget elementor-widget-text-editor\" data-id=\"db76591\" data-element_type=\"widget\" data-e-type=\"widget\" data-widget_type=\"text-editor.default\">\n\t\t\t\t<div class=\"elementor-widget-container\">\n\t\t\t\t\t\t\t\t\t<p>2026-02-19: <a href=\"https:\/\/finnbogeorge.com\/de\/wp-content\/uploads\/sites\/3\/2026\/02\/20260219_FINN-BO-GEORGE_Ausdrucksstarke-Stimme-und-klare-kuenstlerische-Handschrift.pdf\">FINN BO GEORGE: &#8222;Ausdrucksstarke Stimme und klare k\u00fcnstlerische Handschrift&#8220;<\/a><\/p>\t\t\t\t\t\t\t\t<\/div>\n\t\t\t\t<\/div>\n\t\t\t\t\t<\/div>\n\t\t\t\t<\/div>\n\t\t<div data-particle_enable=\"false\" data-particle-mobile-disabled=\"false\" class=\"elementor-element elementor-element-382347d e-flex e-con-boxed e-con e-parent\" data-id=\"382347d\" data-element_type=\"container\" data-e-type=\"container\">\n\t\t\t\t\t<div class=\"e-con-inner\">\n\t\t\t\t<div class=\"elementor-element elementor-element-9c1808c elementor-widget elementor-widget-text-editor\" data-id=\"9c1808c\" data-element_type=\"widget\" data-e-type=\"widget\" data-widget_type=\"text-editor.default\">\n\t\t\t\t<div class=\"elementor-widget-container\">\n\t\t\t\t\t\t\t\t\t<p>2025-11-09: Medienmitteilung zum Release des Deb\u00fctalbums &#8222;From Outer Space&#8220;<br \/><a href=\"https:\/\/finnbogeorge.com\/de\/wp-content\/uploads\/sites\/3\/2025\/11\/20251122_Medien-Release-Debuetalbum-FINN-BO-GEORGE_From-Outer-Space.pdf\">&#8222;Von der Kita auf die B\u00fchne&#8220;<\/a><\/p>\t\t\t\t\t\t\t\t<\/div>\n\t\t\t\t<\/div>\n\t\t\t\t\t<\/div>\n\t\t\t\t<\/div>\n\t\t\t\t<\/div>\n\t\t","protected":false},"excerpt":{"rendered":"<p>Medienmitteilungen 2026-02-19: FINN BO GEORGE: &#8222;Ausdrucksstarke Stimme und klare k\u00fcnstlerische Handschrift&#8220; 2025-11-09: Medienmitteilung zum Release des Deb\u00fctalbums &#8222;From Outer Space&#8220;&#8222;Von der Kita auf die B\u00fchne&#8220;<\/p>\n","protected":false},"author":4,"featured_media":0,"parent":0,"menu_order":0,"comment_status":"closed","ping_status":"closed","template":"","meta":{"_acf_changed":false,"inline_featured_image":false,"footnotes":""},"class_list":["post-5251","page","type-page","status-publish","hentry"],"acf":[],"_links":{"self":[{"href":"https:\/\/finnbogeorge.com\/de\/wp-json\/wp\/v2\/pages\/5251","targetHints":{"allow":["GET"]}}],"collection":[{"href":"https:\/\/finnbogeorge.com\/de\/wp-json\/wp\/v2\/pages"}],"about":[{"href":"https:\/\/finnbogeorge.com\/de\/wp-json\/wp\/v2\/types\/page"}],"author":[{"embeddable":true,"href":"https:\/\/finnbogeorge.com\/de\/wp-json\/wp\/v2\/users\/4"}],"replies":[{"embeddable":true,"href":"https:\/\/finnbogeorge.com\/de\/wp-json\/wp\/v2\/comments?post=5251"}],"version-history":[{"count":35,"href":"https:\/\/finnbogeorge.com\/de\/wp-json\/wp\/v2\/pages\/5251\/revisions"}],"predecessor-version":[{"id":5984,"href":"https:\/\/finnbogeorge.com\/de\/wp-json\/wp\/v2\/pages\/5251\/revisions\/5984"}],"wp:attachment":[{"href":"https:\/\/finnbogeorge.com\/de\/wp-json\/wp\/v2\/media?parent=5251"}],"curies":[{"name":"wp","href":"https:\/\/api.w.org\/{rel}","templated":true}]}}