{"id":530,"date":"2021-11-02T17:45:01","date_gmt":"2021-11-02T17:45:01","guid":{"rendered":"https:\/\/kasparzehnder.com\/de\/?page_id=530"},"modified":"2026-03-09T17:41:22","modified_gmt":"2026-03-09T16:41:22","slug":"biografie","status":"publish","type":"page","link":"https:\/\/finnbogeorge.com\/de\/biografie\/","title":{"rendered":"Biografie"},"content":{"rendered":"\t\t<div data-elementor-type=\"wp-page\" data-elementor-id=\"530\" class=\"elementor elementor-530\" data-elementor-post-type=\"page\">\n\t\t\t\t\t\t<section data-particle_enable=\"false\" data-particle-mobile-disabled=\"false\" class=\"elementor-section elementor-top-section elementor-element elementor-element-336eeb6 elementor-section-content-middle elementor-section-height-min-height elementor-section-items-top elementor-section-boxed elementor-section-height-default\" data-id=\"336eeb6\" data-element_type=\"section\" data-e-type=\"section\">\n\t\t\t\t\t\t<div class=\"elementor-container elementor-column-gap-default\">\n\t\t\t\t\t<div class=\"elementor-column elementor-col-100 elementor-top-column elementor-element elementor-element-1f26989\" data-id=\"1f26989\" data-element_type=\"column\" data-e-type=\"column\">\n\t\t\t<div class=\"elementor-widget-wrap elementor-element-populated\">\n\t\t\t\t\t\t<div class=\"elementor-element elementor-element-79994ae elementor-widget__width-initial elementor-hidden-mobile elementor-widget-divider--view-line elementor-invisible elementor-widget elementor-widget-divider\" data-id=\"79994ae\" data-element_type=\"widget\" data-e-type=\"widget\" data-settings=\"{&quot;_animation&quot;:&quot;slideInLeft&quot;}\" data-widget_type=\"divider.default\">\n\t\t\t\t<div class=\"elementor-widget-container\">\n\t\t\t\t\t\t\t<div class=\"elementor-divider\">\n\t\t\t<span class=\"elementor-divider-separator\">\n\t\t\t\t\t\t<\/span>\n\t\t<\/div>\n\t\t\t\t\t\t<\/div>\n\t\t\t\t<\/div>\n\t\t\t\t<div class=\"elementor-element elementor-element-26a8aaa elementor-widget__width-auto animated-fast elementor-invisible elementor-widget elementor-widget-heading\" data-id=\"26a8aaa\" data-element_type=\"widget\" data-e-type=\"widget\" data-settings=\"{&quot;_animation&quot;:&quot;fadeIn&quot;}\" data-widget_type=\"heading.default\">\n\t\t\t\t<div class=\"elementor-widget-container\">\n\t\t\t\t\t<h2 class=\"elementor-heading-title elementor-size-default\">Biografie<\/h2>\t\t\t\t<\/div>\n\t\t\t\t<\/div>\n\t\t\t\t<div class=\"elementor-element elementor-element-064cc27 elementor-widget__width-initial elementor-widget-divider--view-line elementor-invisible elementor-widget elementor-widget-divider\" data-id=\"064cc27\" data-element_type=\"widget\" data-e-type=\"widget\" data-settings=\"{&quot;_animation&quot;:&quot;slideInRight&quot;}\" data-widget_type=\"divider.default\">\n\t\t\t\t<div class=\"elementor-widget-container\">\n\t\t\t\t\t\t\t<div class=\"elementor-divider\">\n\t\t\t<span class=\"elementor-divider-separator\">\n\t\t\t\t\t\t<\/span>\n\t\t<\/div>\n\t\t\t\t\t\t<\/div>\n\t\t\t\t<\/div>\n\t\t\t\t\t<\/div>\n\t\t<\/div>\n\t\t\t\t\t<\/div>\n\t\t<\/section>\n\t\t\t\t<section data-particle_enable=\"false\" data-particle-mobile-disabled=\"false\" class=\"elementor-section elementor-top-section elementor-element elementor-element-1365c2f elementor-section-boxed elementor-section-height-default elementor-section-height-default\" data-id=\"1365c2f\" data-element_type=\"section\" data-e-type=\"section\">\n\t\t\t\t\t\t<div class=\"elementor-container elementor-column-gap-default\">\n\t\t\t\t\t<div class=\"elementor-column elementor-col-100 elementor-top-column elementor-element elementor-element-ec017d7\" data-id=\"ec017d7\" data-element_type=\"column\" data-e-type=\"column\">\n\t\t\t<div class=\"elementor-widget-wrap\">\n\t\t\t\t\t\t\t<\/div>\n\t\t<\/div>\n\t\t\t\t\t<\/div>\n\t\t<\/section>\n\t\t\t\t<section data-particle_enable=\"false\" data-particle-mobile-disabled=\"false\" class=\"elementor-section elementor-top-section elementor-element elementor-element-e004f4b elementor-section-height-full elementor-section-boxed elementor-section-height-default elementor-section-items-middle\" data-id=\"e004f4b\" data-element_type=\"section\" data-e-type=\"section\">\n\t\t\t\t\t\t<div class=\"elementor-container elementor-column-gap-default\">\n\t\t\t\t\t<div class=\"elementor-column elementor-col-100 elementor-top-column elementor-element elementor-element-ff332de\" data-id=\"ff332de\" data-element_type=\"column\" data-e-type=\"column\">\n\t\t\t<div class=\"elementor-widget-wrap elementor-element-populated\">\n\t\t\t\t\t\t<div class=\"elementor-element elementor-element-775c819 animated-fast elementor-widget__width-initial elementor-invisible elementor-widget elementor-widget-text-editor\" data-id=\"775c819\" data-element_type=\"widget\" data-e-type=\"widget\" data-settings=\"{&quot;_animation&quot;:&quot;fadeIn&quot;}\" data-widget_type=\"text-editor.default\">\n\t\t\t\t<div class=\"elementor-widget-container\">\n\t\t\t\t\t\t\t\t\t<p>Ich bin Finn Bo George \u2013 schweizerisch-britischer S\u00e4nger, Songwriter und leidenschaftlicher Musiker. Geboren in London, lebe ich heute in Bern in der Schweiz und f\u00fchle mich meiner Heimatstadt Thun sehr verbunden. Nach meiner Lehre als Fachbetreuer Kind arbeitete ich ein Jahr auf meinem Beruf, um meinen Lebensunterhalt zu finanzieren und mich auf meine professionelle Musikerkarriere vorzubereiten. Seit Juli 2025 widme ich mich haupts\u00e4chlich der Musik. Gesang, Klavier und Gitarre bilden die Basis meiner Musik.\u00a0<\/p>\t\t\t\t\t\t\t\t<\/div>\n\t\t\t\t<\/div>\n\t\t\t\t<div class=\"elementor-element elementor-element-afff0b7 animated-fast elementor-widget__width-initial elementor-invisible elementor-widget elementor-widget-text-editor\" data-id=\"afff0b7\" data-element_type=\"widget\" data-e-type=\"widget\" data-settings=\"{&quot;_animation&quot;:&quot;fadeIn&quot;}\" data-widget_type=\"text-editor.default\">\n\t\t\t\t<div class=\"elementor-widget-container\">\n\t\t\t\t\t\t\t\t\t<p>Nach meiner Klavierausbildung an der Musikschule Konservatorium Bern und Gesangsunterricht bei Andreas Lareida bilde ich mich zurzeit beim englischen Bariton Robin Adams in Bern weiter. Zur Erweiterung meines p\u00e4dagogischen Hintergrunds als Betreuer Kinder EFZ und um Kindern und Jugendlichen Freude an der Musik vermitteln zu k\u00f6nnen, schloss ich im Januar 2026 die Ausbildung des Bundesamtes f\u00fcr Kultur zum &#8222;Leiter Jugend und Musik&#8220; ab.<\/p>\t\t\t\t\t\t\t\t<\/div>\n\t\t\t\t<\/div>\n\t\t\t\t<div class=\"elementor-element elementor-element-e1a3c89 elementor-widget elementor-widget-gallery\" data-id=\"e1a3c89\" data-element_type=\"widget\" data-e-type=\"widget\" data-settings=\"{&quot;lazyload&quot;:&quot;yes&quot;,&quot;gallery_layout&quot;:&quot;grid&quot;,&quot;columns&quot;:4,&quot;columns_tablet&quot;:2,&quot;columns_mobile&quot;:1,&quot;gap&quot;:{&quot;unit&quot;:&quot;px&quot;,&quot;size&quot;:10,&quot;sizes&quot;:[]},&quot;gap_tablet&quot;:{&quot;unit&quot;:&quot;px&quot;,&quot;size&quot;:10,&quot;sizes&quot;:[]},&quot;gap_mobile&quot;:{&quot;unit&quot;:&quot;px&quot;,&quot;size&quot;:10,&quot;sizes&quot;:[]},&quot;link_to&quot;:&quot;file&quot;,&quot;aspect_ratio&quot;:&quot;3:2&quot;,&quot;overlay_background&quot;:&quot;yes&quot;,&quot;content_hover_animation&quot;:&quot;fade-in&quot;}\" data-widget_type=\"gallery.default\">\n\t\t\t\t<div class=\"elementor-widget-container\">\n\t\t\t\t\t\t\t<div class=\"elementor-gallery__container\">\n\t\t\t\t\t\t\t<a class=\"e-gallery-item elementor-gallery-item elementor-animated-content\" href=\"https:\/\/finnbogeorge.com\/de\/wp-content\/uploads\/sites\/3\/2025\/06\/FinnBoGeorge4.jpg\" data-elementor-open-lightbox=\"yes\" data-elementor-lightbox-slideshow=\"e1a3c89\" data-elementor-lightbox-title=\"FinnBoGeorge\" data-elementor-lightbox-description=\"Finn Bo George\nBadesee Festival 2023\n\u00a9Patrick Schmed, plattformj.ch, \" data-e-action-hash=\"#elementor-action%3Aaction%3Dlightbox%26settings%3DeyJpZCI6NDczMCwidXJsIjoiaHR0cHM6XC9cL2Zpbm5ib2dlb3JnZS5jb21cL2RlXC93cC1jb250ZW50XC91cGxvYWRzXC9zaXRlc1wvM1wvMjAyNVwvMDZcL0Zpbm5Cb0dlb3JnZTQuanBnIiwic2xpZGVzaG93IjoiZTFhM2M4OSJ9\">\n\t\t\t\t\t<div class=\"e-gallery-image elementor-gallery-item__image\" data-thumbnail=\"https:\/\/finnbogeorge.com\/de\/wp-content\/uploads\/sites\/3\/2025\/06\/FinnBoGeorge4.jpg\" data-width=\"250\" data-height=\"247\" aria-label=\"\" role=\"img\" ><\/div>\n\t\t\t\t\t\t\t\t\t\t\t<div class=\"elementor-gallery-item__overlay\"><\/div>\n\t\t\t\t\t\t\t\t\t\t\t\t\t\t<\/a>\n\t\t\t\t\t<\/div>\n\t\t\t\t\t<\/div>\n\t\t\t\t<\/div>\n\t\t\t\t<div class=\"elementor-element elementor-element-ac87fa2 elementor-widget__width-initial animated-fast elementor-invisible elementor-widget elementor-widget-text-editor\" data-id=\"ac87fa2\" data-element_type=\"widget\" data-e-type=\"widget\" data-settings=\"{&quot;_animation&quot;:&quot;fadeIn&quot;}\" data-widget_type=\"text-editor.default\">\n\t\t\t\t<div class=\"elementor-widget-container\">\n\t\t\t\t\t\t\t\t\t<p><span lang=\"EN-US\" style=\"font-size: 8.0pt; font-family: 'Calibri',sans-serif;\">Bild: \u00a9\u00a0Patrick Schmed, plattformj.ch<\/span><\/p><p>Mein Deb\u00fctalbum &#8222;From Outer Space&#8220; wurde Ende September 2025\u00a0 im Templestudio in Freiburg i. Br. (S\u00fcdbaden, Deutschland) aufgenommen. Es ist ein sehr pers\u00f6nliches Projekt, das meinen musikalischen Weg der letzten Jahre festh\u00e4lt. Ganz besonders freut mich, dass mein Cousin <a href=\"https:\/\/tswirles055.wixsite.com\/tswirles---drummer\">Tom Swirles<\/a>, der in Manchester Schlagzeug studiert, mich bei meinen Songs begleitet. Weitere Band-Mitglieder sind der grossartige Gitarrist <a href=\"https:\/\/www.ralph-kueker.de\">Ralph K\u00fcker<\/a> und der Bassist Mathieu Schmitt. Unterst\u00fctzt werden wir zudem auch vom Bassisten David Ribeiro Soares.<\/p><p>Seit meinem ersten Auftritt auf SRF Zambo im Jahr 2017 ist die B\u00fchne mein Zuhause. Medienbeitr\u00e4ge, eigene Songs wie \u201eRealise\u201c, \u201eLights Out\u201c und \u201eCousin\u201c (2023) und &#8222;Story&#8220; (2017) sowie Live-Auftritte an Nachwuchsplattformen \u2013 unter anderem am Badesee Festival 1923 \u2013 haben meinen bisherigen Weg gepr\u00e4gt.<\/p><p>F\u00fcr alle, die meine Musik verfolgen, unterst\u00fctzen oder entdecken wollen, bietet <a href=\"https:\/\/linktr.ee\">Linktr.ee<\/a> einen guten Einblick in meine Arbeit.\u00a0<\/p><p>Unterst\u00fctzen Sie meine Musikerkarriere und werden Sie <a href=\"https:\/\/finnbogeorge.com\/de\/unterstuetzung-copy\/\">Finn-Fan<\/a>!<\/p>\t\t\t\t\t\t\t\t<\/div>\n\t\t\t\t<\/div>\n\t\t\t\t<section data-particle_enable=\"false\" data-particle-mobile-disabled=\"false\" class=\"elementor-section elementor-inner-section elementor-element elementor-element-c50b88f elementor-section-boxed elementor-section-height-default elementor-section-height-default\" data-id=\"c50b88f\" data-element_type=\"section\" data-e-type=\"section\" data-settings=\"{&quot;background_background&quot;:&quot;classic&quot;}\">\n\t\t\t\t\t\t<div class=\"elementor-container elementor-column-gap-default\">\n\t\t\t\t\t<div class=\"elementor-column elementor-col-100 elementor-inner-column elementor-element elementor-element-e65dd99\" data-id=\"e65dd99\" data-element_type=\"column\" data-e-type=\"column\">\n\t\t\t<div class=\"elementor-widget-wrap\">\n\t\t\t\t\t\t\t<\/div>\n\t\t<\/div>\n\t\t\t\t\t<\/div>\n\t\t<\/section>\n\t\t\t\t\t<\/div>\n\t\t<\/div>\n\t\t\t\t\t<\/div>\n\t\t<\/section>\n\t\t\t\t<\/div>\n\t\t","protected":false},"excerpt":{"rendered":"<p>Biografie Ich bin Finn Bo George \u2013 schweizerisch-britischer S\u00e4nger, Songwriter und leidenschaftlicher Musiker. Geboren in London, lebe ich heute in Bern in der Schweiz und f\u00fchle mich meiner Heimatstadt Thun sehr verbunden. Nach meiner Lehre als Fachbetreuer Kind arbeitete ich ein Jahr auf meinem Beruf, um meinen Lebensunterhalt zu finanzieren und mich auf meine professionelle [&hellip;]<\/p>\n","protected":false},"author":4,"featured_media":0,"parent":0,"menu_order":0,"comment_status":"closed","ping_status":"closed","template":"","meta":{"_acf_changed":false,"inline_featured_image":false,"footnotes":""},"class_list":["post-530","page","type-page","status-publish","hentry"],"acf":[],"_links":{"self":[{"href":"https:\/\/finnbogeorge.com\/de\/wp-json\/wp\/v2\/pages\/530","targetHints":{"allow":["GET"]}}],"collection":[{"href":"https:\/\/finnbogeorge.com\/de\/wp-json\/wp\/v2\/pages"}],"about":[{"href":"https:\/\/finnbogeorge.com\/de\/wp-json\/wp\/v2\/types\/page"}],"author":[{"embeddable":true,"href":"https:\/\/finnbogeorge.com\/de\/wp-json\/wp\/v2\/users\/4"}],"replies":[{"embeddable":true,"href":"https:\/\/finnbogeorge.com\/de\/wp-json\/wp\/v2\/comments?post=530"}],"version-history":[{"count":470,"href":"https:\/\/finnbogeorge.com\/de\/wp-json\/wp\/v2\/pages\/530\/revisions"}],"predecessor-version":[{"id":6140,"href":"https:\/\/finnbogeorge.com\/de\/wp-json\/wp\/v2\/pages\/530\/revisions\/6140"}],"wp:attachment":[{"href":"https:\/\/finnbogeorge.com\/de\/wp-json\/wp\/v2\/media?parent=530"}],"curies":[{"name":"wp","href":"https:\/\/api.w.org\/{rel}","templated":true}]}}