{"id":941,"date":"2021-11-12T15:43:21","date_gmt":"2021-11-12T15:43:21","guid":{"rendered":"https:\/\/kasparzehnder.com\/de\/?page_id=941"},"modified":"2025-12-06T14:17:53","modified_gmt":"2025-12-06T13:17:53","slug":"diskografie","status":"publish","type":"page","link":"https:\/\/finnbogeorge.com\/de\/diskografie\/","title":{"rendered":"Diskografie"},"content":{"rendered":"\t\t<div data-elementor-type=\"wp-page\" data-elementor-id=\"941\" class=\"elementor elementor-941\" data-elementor-post-type=\"page\">\n\t\t\t\t\t\t<section data-particle_enable=\"false\" data-particle-mobile-disabled=\"false\" class=\"elementor-section elementor-top-section elementor-element elementor-element-e004f4b elementor-section-boxed elementor-section-height-default elementor-section-height-default\" data-id=\"e004f4b\" data-element_type=\"section\" data-e-type=\"section\">\n\t\t\t\t\t\t<div class=\"elementor-container elementor-column-gap-default\">\n\t\t\t\t\t<div class=\"elementor-column elementor-col-100 elementor-top-column elementor-element elementor-element-ff332de\" data-id=\"ff332de\" data-element_type=\"column\" data-e-type=\"column\">\n\t\t\t<div class=\"elementor-widget-wrap elementor-element-populated\">\n\t\t\t\t\t\t<div class=\"elementor-element elementor-element-80004b4 elementor-widget__width-auto elementor-hidden-mobile elementor-widget-divider--view-line elementor-invisible elementor-widget elementor-widget-divider\" data-id=\"80004b4\" data-element_type=\"widget\" data-e-type=\"widget\" data-settings=\"{&quot;_animation&quot;:&quot;slideInLeft&quot;}\" data-widget_type=\"divider.default\">\n\t\t\t\t<div class=\"elementor-widget-container\">\n\t\t\t\t\t\t\t<div class=\"elementor-divider\">\n\t\t\t<span class=\"elementor-divider-separator\">\n\t\t\t\t\t\t<\/span>\n\t\t<\/div>\n\t\t\t\t\t\t<\/div>\n\t\t\t\t<\/div>\n\t\t\t\t<div class=\"elementor-element elementor-element-3c438a4 elementor-widget__width-auto animated-fast elementor-invisible elementor-widget elementor-widget-heading\" data-id=\"3c438a4\" data-element_type=\"widget\" data-e-type=\"widget\" data-settings=\"{&quot;_animation&quot;:&quot;fadeIn&quot;}\" data-widget_type=\"heading.default\">\n\t\t\t\t<div class=\"elementor-widget-container\">\n\t\t\t\t\t<h2 class=\"elementor-heading-title elementor-size-default\">Diskographie<\/h2>\t\t\t\t<\/div>\n\t\t\t\t<\/div>\n\t\t\t\t<div class=\"elementor-element elementor-element-4accc02 elementor-widget__width-auto elementor-widget-divider--view-line elementor-invisible elementor-widget elementor-widget-divider\" data-id=\"4accc02\" data-element_type=\"widget\" data-e-type=\"widget\" data-settings=\"{&quot;_animation&quot;:&quot;slideInRight&quot;}\" data-widget_type=\"divider.default\">\n\t\t\t\t<div class=\"elementor-widget-container\">\n\t\t\t\t\t\t\t<div class=\"elementor-divider\">\n\t\t\t<span class=\"elementor-divider-separator\">\n\t\t\t\t\t\t<\/span>\n\t\t<\/div>\n\t\t\t\t\t\t<\/div>\n\t\t\t\t<\/div>\n\t\t\t\t\t<\/div>\n\t\t<\/div>\n\t\t\t\t\t<\/div>\n\t\t<\/section>\n\t\t<div data-particle_enable=\"false\" data-particle-mobile-disabled=\"false\" class=\"elementor-element elementor-element-e8c6914 e-flex e-con-boxed e-con e-parent\" data-id=\"e8c6914\" data-element_type=\"container\" data-e-type=\"container\">\n\t\t\t\t\t<div class=\"e-con-inner\">\n\t\t\t\t<div class=\"elementor-element elementor-element-5401fc5 elementor-widget elementor-widget-image-gallery\" data-id=\"5401fc5\" data-element_type=\"widget\" data-e-type=\"widget\" data-widget_type=\"image-gallery.default\">\n\t\t\t\t<div class=\"elementor-widget-container\">\n\t\t\t\t\t\t\t<div class=\"elementor-image-gallery\">\n\t\t\t<div id='gallery-1' class='gallery galleryid-941 gallery-columns-2 gallery-size-medium'><figure class='gallery-item'>\n\t\t\t<div class='gallery-icon landscape'>\n\t\t\t\t<a data-elementor-open-lightbox=\"yes\" data-elementor-lightbox-slideshow=\"5401fc5\" data-elementor-lightbox-title=\"VS Cover Deb\u00fctalbum &quot;From Outer Space&quot;, November 2025\" data-elementor-lightbox-description=\"Deb\u00fctalbum &quot;From Outer Space&quot;\" data-e-action-hash=\"#elementor-action%3Aaction%3Dlightbox%26settings%3DeyJpZCI6NTU3OCwidXJsIjoiaHR0cHM6XC9cL2Zpbm5ib2dlb3JnZS5jb21cL2RlXC93cC1jb250ZW50XC91cGxvYWRzXC9zaXRlc1wvM1wvMjAyNVwvMTJcL1ZTLUNvdmVyLURlYnVldGFsYnVtLUZyb20tT3V0ZXItU3BhY2UtTm92ZW1iZXItMjAyNS0xLmpwZyIsInNsaWRlc2hvdyI6IjU0MDFmYzUifQ%3D%3D\" href='https:\/\/finnbogeorge.com\/de\/wp-content\/uploads\/sites\/3\/2025\/12\/VS-Cover-Debuetalbum-From-Outer-Space-November-2025-1.jpg'><img fetchpriority=\"high\" decoding=\"async\" width=\"300\" height=\"279\" src=\"https:\/\/finnbogeorge.com\/de\/wp-content\/uploads\/sites\/3\/2025\/12\/VS-Cover-Debuetalbum-From-Outer-Space-November-2025-1-300x279.jpg\" class=\"attachment-medium size-medium\" alt=\"\" aria-describedby=\"gallery-1-5578\" srcset=\"https:\/\/finnbogeorge.com\/de\/wp-content\/uploads\/sites\/3\/2025\/12\/VS-Cover-Debuetalbum-From-Outer-Space-November-2025-1-300x279.jpg 300w, https:\/\/finnbogeorge.com\/de\/wp-content\/uploads\/sites\/3\/2025\/12\/VS-Cover-Debuetalbum-From-Outer-Space-November-2025-1-1024x952.jpg 1024w, https:\/\/finnbogeorge.com\/de\/wp-content\/uploads\/sites\/3\/2025\/12\/VS-Cover-Debuetalbum-From-Outer-Space-November-2025-1-768x714.jpg 768w, https:\/\/finnbogeorge.com\/de\/wp-content\/uploads\/sites\/3\/2025\/12\/VS-Cover-Debuetalbum-From-Outer-Space-November-2025-1-1536x1427.jpg 1536w, https:\/\/finnbogeorge.com\/de\/wp-content\/uploads\/sites\/3\/2025\/12\/VS-Cover-Debuetalbum-From-Outer-Space-November-2025-1.jpg 1697w\" sizes=\"(max-width: 300px) 100vw, 300px\" \/><\/a>\n\t\t\t<\/div>\n\t\t\t\t<figcaption class='wp-caption-text gallery-caption' id='gallery-1-5578'>\n\t\t\t\tDeb\u00fctalbum &#8222;From Outer Space&#8220;, Release 22.11.25\n\t\t\t\t<\/figcaption><\/figure><figure class='gallery-item'>\n\t\t\t<div class='gallery-icon landscape'>\n\t\t\t\t<a data-elementor-open-lightbox=\"yes\" data-elementor-lightbox-slideshow=\"5401fc5\" data-elementor-lightbox-title=\"FINN BO GEORGE - Deb\u00fctalbum &quot;From Outer Space&quot;\" data-elementor-lightbox-description=\"FINN BO GEORGE - Deb\u00fctalbum &quot;From Outer Space&quot;\" data-e-action-hash=\"#elementor-action%3Aaction%3Dlightbox%26settings%3DeyJpZCI6NTU3NywidXJsIjoiaHR0cHM6XC9cL2Zpbm5ib2dlb3JnZS5jb21cL2RlXC93cC1jb250ZW50XC91cGxvYWRzXC9zaXRlc1wvM1wvMjAyNVwvMTJcL0NvdmVyLURlYnVldGFsYnVtLUZyb20tT3V0ZXItU3BhY2UtTm92ZW1iZXItMjAyNS5qcGciLCJzbGlkZXNob3ciOiI1NDAxZmM1In0%3D\" href='https:\/\/finnbogeorge.com\/de\/wp-content\/uploads\/sites\/3\/2025\/12\/Cover-Debuetalbum-From-Outer-Space-November-2025.jpg'><img decoding=\"async\" width=\"300\" height=\"275\" src=\"https:\/\/finnbogeorge.com\/de\/wp-content\/uploads\/sites\/3\/2025\/12\/Cover-Debuetalbum-From-Outer-Space-November-2025-300x275.jpg\" class=\"attachment-medium size-medium\" alt=\"\" aria-describedby=\"gallery-1-5577\" srcset=\"https:\/\/finnbogeorge.com\/de\/wp-content\/uploads\/sites\/3\/2025\/12\/Cover-Debuetalbum-From-Outer-Space-November-2025-300x275.jpg 300w, https:\/\/finnbogeorge.com\/de\/wp-content\/uploads\/sites\/3\/2025\/12\/Cover-Debuetalbum-From-Outer-Space-November-2025-1024x939.jpg 1024w, https:\/\/finnbogeorge.com\/de\/wp-content\/uploads\/sites\/3\/2025\/12\/Cover-Debuetalbum-From-Outer-Space-November-2025-768x704.jpg 768w, https:\/\/finnbogeorge.com\/de\/wp-content\/uploads\/sites\/3\/2025\/12\/Cover-Debuetalbum-From-Outer-Space-November-2025-1536x1409.jpg 1536w, https:\/\/finnbogeorge.com\/de\/wp-content\/uploads\/sites\/3\/2025\/12\/Cover-Debuetalbum-From-Outer-Space-November-2025.jpg 1859w\" sizes=\"(max-width: 300px) 100vw, 300px\" \/><\/a>\n\t\t\t<\/div>\n\t\t\t\t<figcaption class='wp-caption-text gallery-caption' id='gallery-1-5577'>\n\t\t\t\tR\u00fcckseite Deb\u00fctalbum &#8222;From Outer Space&#8220;\n\t\t\t\t<\/figcaption><\/figure>\n\t\t<\/div>\n\t\t<\/div>\n\t\t\t\t\t\t<\/div>\n\t\t\t\t<\/div>\n\t\t\t\t\t    \t            <a\n            href=\"https:\/\/finnbogeorge.com\/de\/kontakt\/\" target=\"_self\"\n            class=\"e-button-base\"\n            data-interaction-id=\"9b85571\"\n             data-e-type=\"widget\" data-id=\"9b85571\"\n        >\n            Bestellen\n        <\/a>\n    \t\t\t\t\t<\/div>\n\t\t\t\t<\/div>\n\t\t\t\t<section data-particle_enable=\"false\" data-particle-mobile-disabled=\"false\" class=\"elementor-section elementor-top-section elementor-element elementor-element-a7cca84 elementor-section-height-min-height elementor-section-full_width elementor-section-stretched elementor-section-height-default elementor-section-items-middle\" data-id=\"a7cca84\" data-element_type=\"section\" data-e-type=\"section\" data-settings=\"{&quot;background_background&quot;:&quot;classic&quot;,&quot;stretch_section&quot;:&quot;section-stretched&quot;,&quot;background_motion_fx_motion_fx_scrolling&quot;:&quot;yes&quot;,&quot;background_motion_fx_scale_effect&quot;:&quot;yes&quot;,&quot;background_motion_fx_scale_speed&quot;:{&quot;unit&quot;:&quot;px&quot;,&quot;size&quot;:&quot;2&quot;,&quot;sizes&quot;:[]},&quot;background_motion_fx_range&quot;:&quot;viewport&quot;,&quot;background_motion_fx_scale_direction&quot;:&quot;in-out&quot;,&quot;background_motion_fx_scale_range&quot;:{&quot;unit&quot;:&quot;%&quot;,&quot;size&quot;:&quot;&quot;,&quot;sizes&quot;:{&quot;start&quot;:&quot;0&quot;,&quot;end&quot;:&quot;100&quot;}},&quot;background_motion_fx_devices&quot;:[&quot;desktop&quot;,&quot;tablet&quot;,&quot;mobile&quot;]}\">\n\t\t\t\t\t\t\t<div class=\"elementor-background-overlay\"><\/div>\n\t\t\t\t\t\t\t<div class=\"elementor-container elementor-column-gap-default\">\n\t\t\t\t\t<div class=\"elementor-column elementor-col-100 elementor-top-column elementor-element elementor-element-3e373bc\" data-id=\"3e373bc\" data-element_type=\"column\" data-e-type=\"column\">\n\t\t\t<div class=\"elementor-widget-wrap elementor-element-populated\">\n\t\t\t\t\t\t<div class=\"elementor-element elementor-element-180a7c3 elementor-widget__width-initial elementor-widget-mobile__width-initial elementor-widget elementor-widget-button\" data-id=\"180a7c3\" data-element_type=\"widget\" data-e-type=\"widget\" data-widget_type=\"button.default\">\n\t\t\t\t<div class=\"elementor-widget-container\">\n\t\t\t\t\t\t\t\t\t<div class=\"elementor-button-wrapper\">\n\t\t\t\t\t<a class=\"elementor-button elementor-button-link elementor-size-sm\" href=\"https:\/\/finnbogeorge.com\/de\/galerie-presse\/\">\n\t\t\t\t\t\t<span class=\"elementor-button-content-wrapper\">\n\t\t\t\t\t\t<span class=\"elementor-button-icon\">\n\t\t\t\t<svg xmlns=\"http:\/\/www.w3.org\/2000\/svg\" width=\"24\" height=\"15\" viewBox=\"0 0 24 15\" fill=\"none\"><path d=\"M23.875 7.38086H4.875\" stroke=\"white\" stroke-width=\"3\"><\/path><path d=\"M0.125 7.38086L6.6875 1.53519L6.6875 13.2265L0.125 7.38086Z\" fill=\"white\"><\/path><\/svg>\t\t\t<\/span>\n\t\t\t\t\t\t\t\t\t<span class=\"elementor-button-text\">Galerie ansehen<\/span>\n\t\t\t\t\t<\/span>\n\t\t\t\t\t<\/a>\n\t\t\t\t<\/div>\n\t\t\t\t\t\t\t\t<\/div>\n\t\t\t\t<\/div>\n\t\t\t\t<div class=\"elementor-element elementor-element-573a326 elementor-widget__width-initial elementor-widget elementor-widget-button\" data-id=\"573a326\" data-element_type=\"widget\" data-e-type=\"widget\" data-widget_type=\"button.default\">\n\t\t\t\t<div class=\"elementor-widget-container\">\n\t\t\t\t\t\t\t\t\t<div class=\"elementor-button-wrapper\">\n\t\t\t\t\t<a class=\"elementor-button elementor-button-link elementor-size-sm\" href=\"https:\/\/finnbogeorge.com\/de\/videos\">\n\t\t\t\t\t\t<span class=\"elementor-button-content-wrapper\">\n\t\t\t\t\t\t<span class=\"elementor-button-icon\">\n\t\t\t\t<svg xmlns=\"http:\/\/www.w3.org\/2000\/svg\" width=\"24\" height=\"15\" viewBox=\"0 0 24 15\" fill=\"none\"><path d=\"M0.125 7.38086L19.125 7.38086\" stroke=\"#AF9F75\" stroke-width=\"3\"><\/path><path d=\"M23.875 7.38086L17.3125 13.2265L17.3125 1.53519L23.875 7.38086Z\" fill=\"#AF9F75\"><\/path><\/svg>\t\t\t<\/span>\n\t\t\t\t\t\t\t\t\t<span class=\"elementor-button-text\">Videos ansehen<\/span>\n\t\t\t\t\t<\/span>\n\t\t\t\t\t<\/a>\n\t\t\t\t<\/div>\n\t\t\t\t\t\t\t\t<\/div>\n\t\t\t\t<\/div>\n\t\t\t\t\t<\/div>\n\t\t<\/div>\n\t\t\t\t\t<\/div>\n\t\t<\/section>\n\t\t\t\t<\/div>\n\t\t","protected":false},"excerpt":{"rendered":"<p>Diskographie Deb\u00fctalbum &#171;From Outer Space&#187;, Release 22.11.25 R\u00fcckseite Deb\u00fctalbum &#171;From Outer Space&#187; Bestellen Galerie ansehen Videos ansehen<\/p>\n","protected":false},"author":4,"featured_media":0,"parent":0,"menu_order":0,"comment_status":"closed","ping_status":"closed","template":"","meta":{"_acf_changed":false,"inline_featured_image":false,"footnotes":""},"class_list":["post-941","page","type-page","status-publish","hentry"],"acf":[],"_links":{"self":[{"href":"https:\/\/finnbogeorge.com\/de\/wp-json\/wp\/v2\/pages\/941","targetHints":{"allow":["GET"]}}],"collection":[{"href":"https:\/\/finnbogeorge.com\/de\/wp-json\/wp\/v2\/pages"}],"about":[{"href":"https:\/\/finnbogeorge.com\/de\/wp-json\/wp\/v2\/types\/page"}],"author":[{"embeddable":true,"href":"https:\/\/finnbogeorge.com\/de\/wp-json\/wp\/v2\/users\/4"}],"replies":[{"embeddable":true,"href":"https:\/\/finnbogeorge.com\/de\/wp-json\/wp\/v2\/comments?post=941"}],"version-history":[{"count":106,"href":"https:\/\/finnbogeorge.com\/de\/wp-json\/wp\/v2\/pages\/941\/revisions"}],"predecessor-version":[{"id":5588,"href":"https:\/\/finnbogeorge.com\/de\/wp-json\/wp\/v2\/pages\/941\/revisions\/5588"}],"wp:attachment":[{"href":"https:\/\/finnbogeorge.com\/de\/wp-json\/wp\/v2\/media?parent=941"}],"curies":[{"name":"wp","href":"https:\/\/api.w.org\/{rel}","templated":true}]}}